{"id":186,"date":"2020-06-03T16:06:51","date_gmt":"2020-06-03T19:06:51","guid":{"rendered":"http:\/\/www.proacustica.org.br\/inad\/2020\/?page_id=186"},"modified":"2020-06-03T18:00:26","modified_gmt":"2020-06-03T21:00:26","slug":"dicas-de-convivencia-sonora","status":"publish","type":"page","link":"https:\/\/www.proacustica.org.br\/inad\/2020\/dicas-de-convivencia-sonora\/","title":{"rendered":"Dicas de Conviv\u00eancia Sonora"},"content":{"rendered":"\n<div class=\"wp-block-columns my-5 is-layout-flex wp-container-core-columns-is-layout-9d6595d7 wp-block-columns-is-layout-flex\">\n<div class=\"wp-block-column is-layout-flow wp-block-column-is-layout-flow\">\n<figure class=\"wp-block-image size-large img-fluid\"><img loading=\"lazy\" decoding=\"async\" width=\"1024\" height=\"780\" src=\"http:\/\/www.proacustica.org.br\/inad\/2020\/wp-content\/uploads\/2020\/06\/ProAcustica_Quarentena-Post-1024x780.jpg\" alt=\"\" class=\"wp-image-191\" title=\"\" srcset=\"https:\/\/www.proacustica.org.br\/inad\/2020\/wp-content\/uploads\/2020\/06\/ProAcustica_Quarentena-Post-1024x780.jpg 1024w, https:\/\/www.proacustica.org.br\/inad\/2020\/wp-content\/uploads\/2020\/06\/ProAcustica_Quarentena-Post-300x229.jpg 300w, https:\/\/www.proacustica.org.br\/inad\/2020\/wp-content\/uploads\/2020\/06\/ProAcustica_Quarentena-Post-768x585.jpg 768w, https:\/\/www.proacustica.org.br\/inad\/2020\/wp-content\/uploads\/2020\/06\/ProAcustica_Quarentena-Post.jpg 1240w\" sizes=\"auto, (max-width: 1024px) 100vw, 1024px\" \/><\/figure>\n<\/div>\n\n\n\n<div class=\"wp-block-column is-layout-flow wp-block-column-is-layout-flow\">\n<p><strong>Guia com dicas de boa conviv\u00eancia sonora para vizinhos na Pandemia.<\/strong><\/p>\n\n\n\n<p><em>A a\u00e7\u00e3o \u00e9 parte da campanha #sonsqueamo e integra o calend\u00e1rio oficial do Ano Internacional do Som 2020\/21.<\/em><\/p>\n\n\n\n<p>A pandemia de Covid-19 transformou a vida de milhares de pessoas pelo mundo e ocasionou o fechamento de locais de conv\u00edvio, com\u00e9rcio, estudo e trabalho. Mais ainda, obrigou a popula\u00e7\u00e3o ao confinamento em casa como prote\u00e7\u00e3o \u00e0 transmiss\u00e3o da doen\u00e7a. Pensando em contribuir para atenuar poss\u00edveis conflitos sonoros causados pela ocupa\u00e7\u00e3o constante de pessoas em casa, por longos per\u00edodos, a ProAc\u00fastica lan\u00e7a guia &#8211;&nbsp;<strong>dicas de boa conviv\u00eancia sonora em condom\u00ednios<\/strong>&nbsp;&#8211; durante a quarentena de Covid-19.&nbsp;<strong><em><a rel=\"noreferrer noopener\" href=\"http:\/\/www.proacustica.org.br\/noticias\/proacustica-releases-sobre-as-acoes-da-associacao\/proacustica-lanca-guia-de-boa-convivencia-sonora-para-vizinhos-na-pandemia.html\" target=\"_blank\">Saiba mais&#8230;<\/a><\/em><\/strong><\/p>\n\n\n\n<p><strong>O guia est\u00e1 dispon\u00edvel para download.<\/strong><\/p>\n\n\n\n<h4 class=\"h5 mt-5 wp-block-heading\"><strong>Acesse, imprima e divulgue junto ao s\u00edndico, colaboradores, moradores e a administradora do seu CONDOM\u00cdNIO | <a href=\"http:\/\/www.proacustica.org.br\/assets\/files\/Manuais\/ProAcustica_GuiaBoaConvivenciaSonora-Quarentena_Mai20.pdf\" target=\"_blank\" rel=\"noreferrer noopener\">ACESSE AQUI<\/a><\/strong><\/h4>\n<\/div>\n<\/div>\n","protected":false},"excerpt":{"rendered":"<p>Guia com dicas de boa conviv\u00eancia sonora para vizinhos na Pandemia. A a\u00e7\u00e3o \u00e9 parte da campanha #sonsqueamo e integra o calend\u00e1rio oficial do Ano Internacional do Som 2020\/21. A pandemia de Covid-19 transformou a vida de milhares de pessoas pelo mundo e ocasionou o fechamento de locais de conv\u00edvio, com\u00e9rcio, estudo e trabalho. Mais [&hellip;]<\/p>\n","protected":false},"author":1,"featured_media":0,"parent":0,"menu_order":0,"comment_status":"closed","ping_status":"closed","template":"single.php","meta":{"_acf_changed":false,"footnotes":""},"class_list":["post-186","page","type-page","status-publish","hentry"],"acf":[],"_links":{"self":[{"href":"https:\/\/www.proacustica.org.br\/inad\/2020\/wp-json\/wp\/v2\/pages\/186","targetHints":{"allow":["GET"]}}],"collection":[{"href":"https:\/\/www.proacustica.org.br\/inad\/2020\/wp-json\/wp\/v2\/pages"}],"about":[{"href":"https:\/\/www.proacustica.org.br\/inad\/2020\/wp-json\/wp\/v2\/types\/page"}],"author":[{"embeddable":true,"href":"https:\/\/www.proacustica.org.br\/inad\/2020\/wp-json\/wp\/v2\/users\/1"}],"replies":[{"embeddable":true,"href":"https:\/\/www.proacustica.org.br\/inad\/2020\/wp-json\/wp\/v2\/comments?post=186"}],"version-history":[{"count":11,"href":"https:\/\/www.proacustica.org.br\/inad\/2020\/wp-json\/wp\/v2\/pages\/186\/revisions"}],"predecessor-version":[{"id":198,"href":"https:\/\/www.proacustica.org.br\/inad\/2020\/wp-json\/wp\/v2\/pages\/186\/revisions\/198"}],"wp:attachment":[{"href":"https:\/\/www.proacustica.org.br\/inad\/2020\/wp-json\/wp\/v2\/media?parent=186"}],"curies":[{"name":"wp","href":"https:\/\/api.w.org\/{rel}","templated":true}]}}